{"id":4703,"date":"2024-06-09T18:49:40","date_gmt":"2024-06-09T18:49:40","guid":{"rendered":"https:\/\/www.andrea-shiatsu.ch\/?page_id=4703"},"modified":"2024-06-09T18:49:40","modified_gmt":"2024-06-09T18:49:40","slug":"rechtliche-hinweise","status":"publish","type":"page","link":"https:\/\/www.andrea-shiatsu.ch\/?page_id=4703","title":{"rendered":"Rechtliche Hinweise"},"content":{"rendered":"\n<p>Die Datenschutzerkl\u00e4rung beschreibt, wie und wozu ich Personendaten erhebe, bearbeite und verwende. Der verantwortungsvolle Umgang mit Daten ist mir ein wichtiges Anliegen. Ich nehme kontinuierlich Anpassungen vor, um die pers\u00f6nlichen Daten meiner Webnutzerinnen und -nutzer noch besser zu sch\u00fctzen. Der Schutz deiner pers\u00f6nlichen Daten ist mir ein grosses Anliegen.<\/p>\n\n\n\n<h3 class=\"wp-block-heading\">Kontakt<\/h3>\n\n\n\n<p>Andrea Gysler<br>Aettig\u00fcpfstrasse 19<br>5621 Zufikon<\/p>\n\n\n\n<p><strong>078 218 04 22<\/strong><br>welcome@andrea-shiatsu.ch<\/p>\n\n\n\n<h3 class=\"wp-block-heading\">1. Welche Daten werden erfasst <\/h3>\n\n\n\n<h3 class=\"wp-block-heading\">1.1 Allgemeine Personendaten<\/h3>\n\n\n\n<p>Ich bearbeite deine allgemeinen Personendaten. Personendaten sind jede Art von Information, die sich auf eine identifizierbare nat\u00fcrliche Person beziehen. Identifizierbar ist die nat\u00fcrliche Person, wenn sich aus den vorhandenen Informationen R\u00fcckschl\u00fcsse auf die Identit\u00e4t der Person ziehen lassen.<\/p>\n\n\n\n<p>Beispiel: Bei deinem Namen, deiner IP- und Privatadresse handelt es sich um Personendaten.<\/p>\n\n\n\n<h3 class=\"wp-block-heading\">1.2 \u00dcberlassene Daten<\/h3>\n\n\n\n<p>Du stellst mir h\u00e4ufig deine Personendaten selbst zur Verf\u00fcgung. Immer wenn Du deine Personendaten eingibst und an mich \u00fcbermittelst, gelten diese als an mich \u00fcberlassen. Die \u00dcbermittlung der Daten an mich erfolgt grunds\u00e4tzlich freiwillig, ist aber teilweise zwingend erforderlich, um meine Angebote nutzen zu k\u00f6nnen.<\/p>\n\n\n\n<p>Beispiel: Du gibst deine Daten in einem Kontaktformular ein.<\/p>\n\n\n\n<h3 class=\"wp-block-heading\">1.3 Erhobene Daten<\/h3>\n\n\n\n<p>Wenn Du meine Dienste benutzt, erhebe ich teilweise deine Daten, ohne dass deine aktive Mitwirkung erforderlich ist. Bei diesen Daten handelt es sich in der Regel um Daten \u00fcber dein Ger\u00e4t und um Daten \u00fcber das Nutzerverhalten.<\/p>\n\n\n\n<p>Beispiel: Ich bzw. mein Webhoster erhebt Daten \u00fcber das Betriebssystem des Ger\u00e4ts, mit dem du meine Website aufgerufen haben.<\/p>\n\n\n\n<h3 class=\"wp-block-heading\">1.4 Weltweit<\/h3>\n\n\n\n<p>Ich arbeite f\u00fcr die Bearbeitung Ihrer Personendaten mit Anbietern aus der gesamten Welt zusammen. So kann ich vom weltweiten Angebot profitieren und auf die besten und zuverl\u00e4ssigsten Dienste zur\u00fcckgreifen. Unter Umst\u00e4nden weist das Land, in das die Daten exportiert werden, nicht denselben Datenschutzstandard wie die Schweiz auf.<\/p>\n\n\n\n<p>Beispiel: Ich verwende die Dienste eines Anbieters wie Google, der seinen Sitz in den USA hat.<\/p>\n\n\n\n<h3 class=\"wp-block-heading\">2. Cookies<\/h3>\n\n\n\n<p><strong>Wie funktionieren Cookies?<\/strong><br>Meine Website verwendet Cookies. Bei Cookies handelt es sich um Datens\u00e4tze, die mit Hilfe des Browsers auf dem Betriebssystem deines Ger\u00e4tes abgelegt werden, wenn du meine Website aufrufst. Cookies richten auf deinem Ger\u00e4t keinen Schaden an und enthalten keine Viren.<\/p>\n\n\n\n<p><strong>Welche Informationen erhalte ich und wie nutzen ich sie?<\/strong><br>Die meisten der von mir verwendeten Cookies sind so genannte \u201cSession-Cookies\u201d. Sie werden nach Ende Ihres Besuchs automatisch gel\u00f6scht. Andere Cookies bleiben auf deinem Endger\u00e4t gespeichert bis du diese l\u00f6schst. Diese Cookies erm\u00f6glicht es mir, deinen Browser beim n\u00e4chsten Besuch wieder zu erkennen. Dadurch k\u00f6nnen gewisse Einstellungen (wie z.B. Spracheinstellungen oder Ortsangaben) gespeichert werden, damit du diese bei erneutem Aufruf der Website nicht neu eingeben m\u00fcssen.<\/p>\n\n\n\n<p><strong>Weshalb darf ich Cookies verwenden?<\/strong><br>Ich verwende Cookies, damit ich meine Website benutzerfreundlicher, effektiver und sicherer gestalten kann. Die Verwendung von Cookies und die diesbez\u00fcgliche Verarbeitung deiner Daten erfolgt aufgrund meinem berechtigten Interessen an den genannten Zwecken.<\/p>\n\n\n\n<p><strong>Wie kannst du die Datenerfassung via Cookies verhindern?<\/strong><br>Die Cookies werden auf deinem Rechner gespeichert. Du hast daher die volle Kontrolle \u00fcber die Verwendung der Cookies. Du kannst diese vollst\u00e4ndig l\u00f6schen oder durch \u00c4nderung der Einstellungen in deinem Browser die \u00dcbertragung deaktivieren oder einschr\u00e4nken. Bei Deaktivierung von Cookies f\u00fcr meine Website k\u00f6nnen m\u00f6glicherweise nicht mehr alle Funktionen der Website vollumf\u00e4nglich genutzt werden.<\/p>\n\n\n\n<h3 class=\"wp-block-heading\">3. Umgang mit den erhaltenen Daten und deren Schutz (Datensicherheit)<\/h3>\n\n\n\n<p>Es werden geeignete technische und organisatorische Massnahmen (TOM) eingesetzt, um die erhobenen Personendaten vor Verlust, Diebstahl und unberechtigtem Zugriff zu sch\u00fctzen. Ich bin bem\u00fcht, diese Sicherheitsrichtlinien und -verfahren regelm\u00e4ssig zu \u00fcberpr\u00fcfen, um sicherzustellen, dass die Systeme sicher sind. Dabei halte ich die Vorgaben des neuen Datenschutzgesetzes (revDSG) der Schweiz ein.<\/p>\n\n\n\n<h3 class=\"wp-block-heading\">4. Dauer der Speicherung, Widerruf und Beseitigung<\/h3>\n\n\n\n<p>Die Daten werden so lange gespeichert, bis du die Verarbeitung widerrufst. Du hast jederzeit die M\u00f6glichkeit, deine Einwilligung zur Verarbeitung deiner Daten zu widerrufen.<\/p>\n\n\n\n<h3 class=\"wp-block-heading\">5. \u00c4nderungen<\/h3>\n\n\n\n<p>Ich kann diese Datenschutzerkl\u00e4rung jederzeit und ohne Vorank\u00fcndigung anpassen. Es gilt die jeweils aktuelle, auf dieser Website publizierte Fassung. Soweit die Datenschutzerkl\u00e4rung Teil einer Vereinbarung mit dir ist, werde ich dich im Falle einer Aktualisierung \u00fcber die \u00c4nderung per E-Mail informieren.<\/p>\n","protected":false},"excerpt":{"rendered":"<p>Die Datenschutzerkl\u00e4rung beschreibt, wie und wozu ich Personendaten erhebe, bearbeite und verwende. Der verantwortungsvolle Umgang mit Daten ist mir ein wichtiges Anliegen. Ich nehme kontinuierlich Anpassungen vor, um die pers\u00f6nlichen Daten meiner Webnutzerinnen und -nutzer noch besser zu sch\u00fctzen. Der Schutz deiner pers\u00f6nlichen Daten ist mir ein grosses Anliegen. Kontakt Andrea GyslerAettig\u00fcpfstrasse 195621 Zufikon 078 [&hellip;]<\/p>\n","protected":false},"author":1,"featured_media":0,"parent":0,"menu_order":0,"comment_status":"closed","ping_status":"closed","template":"","meta":{"inline_featured_image":false,"_monsterinsights_skip_tracking":false,"_monsterinsights_sitenote_active":false,"_monsterinsights_sitenote_note":"","_monsterinsights_sitenote_category":0,"footnotes":""},"class_list":["post-4703","page","type-page","status-publish","hentry"],"_links":{"self":[{"href":"https:\/\/www.andrea-shiatsu.ch\/index.php?rest_route=\/wp\/v2\/pages\/4703","targetHints":{"allow":["GET"]}}],"collection":[{"href":"https:\/\/www.andrea-shiatsu.ch\/index.php?rest_route=\/wp\/v2\/pages"}],"about":[{"href":"https:\/\/www.andrea-shiatsu.ch\/index.php?rest_route=\/wp\/v2\/types\/page"}],"author":[{"embeddable":true,"href":"https:\/\/www.andrea-shiatsu.ch\/index.php?rest_route=\/wp\/v2\/users\/1"}],"replies":[{"embeddable":true,"href":"https:\/\/www.andrea-shiatsu.ch\/index.php?rest_route=%2Fwp%2Fv2%2Fcomments&post=4703"}],"version-history":[{"count":1,"href":"https:\/\/www.andrea-shiatsu.ch\/index.php?rest_route=\/wp\/v2\/pages\/4703\/revisions"}],"predecessor-version":[{"id":4704,"href":"https:\/\/www.andrea-shiatsu.ch\/index.php?rest_route=\/wp\/v2\/pages\/4703\/revisions\/4704"}],"wp:attachment":[{"href":"https:\/\/www.andrea-shiatsu.ch\/index.php?rest_route=%2Fwp%2Fv2%2Fmedia&parent=4703"}],"curies":[{"name":"wp","href":"https:\/\/api.w.org\/{rel}","templated":true}]}}